{"id":2758,"date":"2024-06-02T15:47:35","date_gmt":"2024-06-02T19:47:35","guid":{"rendered":"https:\/\/dentisteabrossard.ca\/privacy-policy\/"},"modified":"2024-06-02T15:52:22","modified_gmt":"2024-06-02T19:52:22","slug":"privacy-policy","status":"publish","type":"page","link":"https:\/\/dentisteabrossard.ca\/en\/privacy-policy\/","title":{"rendered":"Privacy Policy"},"content":{"rendered":"<div class=\"vce-row-container\" data-vce-boxed-width=\"true\"><div class=\"vce-row vce-element--has-background vce-row--col-gap-0 mb-138 min-h-662 vce-row-equal-height vce-row-content--top\" id=\"el-1a1f5789\" data-vce-do-apply=\"all el-1a1f5789\"><div class=\"vce-content-background-container\"><\/div><div class=\"vce-row-content\" data-vce-element-content=\"true\"><div class=\"vce-col vce-col--xs-100p vce-col--xs-visible vce-col--xs-last vce-col--xs-first vce-col--sm-100p vce-col--sm-visible vce-col--sm-last vce-col--sm-first vce-col--md-50p vce-col--md-visible vce-col--md-first vce-col--lg-50p vce-col--lg-visible vce-col--lg-first vce-col--xl-50p vce-col--xl-visible vce-col--xl-first pt-150 pb-165   pr-97 pl-120\" id=\"el-c728edb0\"><div class=\"vce-col-inner\" data-vce-do-apply=\"border margin background  el-c728edb0\"><div class=\"vce-col-content\" data-vce-element-content=\"true\" data-vce-do-apply=\"padding el-c728edb0\"><div class=\"vce-text-block fs32 bold marron lh-45 pb-54\"><div class=\"vce-text-block-wrapper vce\" id=\"el-4b67a5c7\" data-vce-do-apply=\"all el-4b67a5c7\"><h1>Privacy Policy<\/h1><\/div><\/div><div class=\"vce-single-image-container no-desktop pb-30-mob vce-single-image--align-center\"><div class=\"vce vce-single-image-wrapper\" id=\"el-4638ef1b\" data-vce-do-apply=\"all el-4638ef1b\"><figure><div class=\"vce-single-image-figure-inner\" style=\"width: 712px;\"><div class=\"vce-single-image-inner vce-single-image--absolute\" style=\"width: 100%; padding-bottom: 91.2921%;\"><img decoding=\"async\" class=\"vce-single-image\" src=\"https:\/\/dentisteabrossard.ca\/wp-content\/uploads\/2023\/09\/FAQ.png\" data-img-src=\"https:\/\/dentisteabrossard.ca\/wp-content\/uploads\/2023\/09\/FAQ.png\" data-attachment-id=\"527\" alt=\"FAQ\" title=\"FAQ\"><\/div><\/div><figcaption hidden=\"\"><\/figcaption><\/figure><\/div><\/div><div class=\"vce-text-block\"><div class=\"vce-text-block-wrapper vce\" id=\"el-a599b5f7\" data-vce-do-apply=\"all el-a599b5f7\"><a class=\"btn-bleu\" href=\"\/en\/contact-us\/#contact\">Contact us<\/a><\/div><\/div><\/div><\/div><\/div><div class=\"vce-col vce-col--xs-100p vce-col--xs-visible vce-col--xs-last vce-col--xs-first vce-col--sm-100p vce-col--sm-visible vce-col--sm-last vce-col--sm-first vce-col--md-auto vce-col--md-visible vce-col--md-last vce-col--lg-auto vce-col--lg-visible vce-col--lg-last vce-col--xl-auto vce-col--xl-visible vce-col--xl-last  pr-178\" id=\"el-832bc08b\"><div class=\"vce-col-inner\" data-vce-do-apply=\"border margin background  el-832bc08b\"><div class=\"vce-col-content\" data-vce-element-content=\"true\" data-vce-do-apply=\"padding el-832bc08b\"><div class=\"vce-single-image-container absolute-img no-mobile w-712 vce-single-image--align-center\"><div class=\"vce vce-single-image-wrapper\" id=\"el-a642ddcf\" data-vce-do-apply=\"all el-a642ddcf\"><figure><div class=\"vce-single-image-figure-inner\" style=\"width: 712px;\"><div class=\"vce-single-image-inner vce-single-image--absolute\" style=\"width: 100%; padding-bottom: 91.2921%;\"><img decoding=\"async\" class=\"vce-single-image\" src=\"https:\/\/dentisteabrossard.ca\/wp-content\/uploads\/2023\/09\/FAQ.png\" data-img-src=\"https:\/\/dentisteabrossard.ca\/wp-content\/uploads\/2023\/09\/FAQ.png\" data-attachment-id=\"527\" alt=\"FAQ\" title=\"FAQ\"><\/div><\/div><figcaption hidden=\"\"><\/figcaption><\/figure><\/div><\/div><\/div><\/div><\/div><\/div><\/div><\/div><div class=\"vce-row-container\" data-vce-boxed-width=\"true\"><div class=\"vce-row vce-row--col-gap-0 pt-116 pl-120 pr-190 pb-78 vce-row-equal-height vce-row-content--top\" id=\"el-e871e90f\" data-vce-do-apply=\"all el-e871e90f\"><div class=\"vce-row-content\" data-vce-element-content=\"true\"><div class=\"vce-col vce-col--md-auto vce-col--xs-1 vce-col--xs-last vce-col--xs-first vce-col--sm-last vce-col--sm-first vce-col--md-first vce-col--lg-first vce-col--xl-first no-pr pr-250\" id=\"el-51590a0e\"><div class=\"vce-col-inner\" data-vce-do-apply=\"border margin background  el-51590a0e\"><div class=\"vce-col-content\" data-vce-element-content=\"true\" data-vce-do-apply=\"padding el-51590a0e\"><div class=\"vce-text-block marron fs32 bold lh-45 pb-35\"><div class=\"vce-text-block-wrapper vce\" id=\"el-5556c2f6\" data-vce-do-apply=\"all el-5556c2f6\">Introduction<\/div><\/div><div class=\"vce-text-block pb-35\"><div class=\"vce-text-block-wrapper vce\" id=\"el-2d912276\" data-vce-do-apply=\"all el-2d912276\">Given the development of new communication tools, it is necessary to pay particular attention to the protection of privacy. This is why we are committed to respecting the confidentiality of the personal information we collect.<br><\/div><\/div><div class=\"vce-text-block marron fs32 bold lh-45 pb-35\"><div class=\"vce-text-block-wrapper vce\" id=\"el-ee819586\" data-vce-do-apply=\"all el-ee819586\"><h2>Collection of personal information<\/h2><\/div><\/div><div class=\"vce-text-block pb-35\"><div class=\"vce-text-block-wrapper vce\" id=\"el-e7e6d43c\" data-vce-do-apply=\"all el-e7e6d43c\"><ul><li>First Name<\/li><br><li>Postal Address<\/li><br><li>Zip Code<\/li><br><li>Email Address<\/li><br><li>Phone\/Fax Number<\/li><\/ul><br><br>The personal information we collect is gathered through forms and through the interactivity established between you and our website. We also use, as indicated in the following section, cookies and\/or log files to gather information about you.<br><\/div><\/div><div class=\"vce-text-block marron fs32 bold lh-45 pb-35\"><div class=\"vce-text-block-wrapper vce\" id=\"el-0f60c4b8\" data-vce-do-apply=\"all el-0f60c4b8\"><h2>Forms and interactivity:<\/h2><\/div><\/div><div class=\"vce-text-block pb-210\"><div class=\"vce-text-block-wrapper vce\" id=\"el-954513a5\" data-vce-do-apply=\"all el-954513a5\">Your personal information is collected through forms, namely:<br><br><ul><br> <li>Website registration form. We use the information collected for the following purposes:<br><br><ul><br> <li>Information\/Promotional offers<\/li><br> <li>Statistics<\/li><br> <li>Contact<\/li><br><\/ul><br><\/li><br><br> <li>Your information is also collected through the interactivity that may be established between you and our website, as follows:<br><br><br><ul><br> <li>Comments<\/li><br> <li>Correspondence<\/li><br><\/ul><br><\/li><br><br> <li>We use the information collected for the following purposes:<br><br><br><ul><br> <li>Information or for promotional offers<\/li><br> <li>Statistics<\/li><br> <li>Contact<\/li><br><\/ul><br><\/li><br><\/ul><\/div><\/div><\/div><\/div><\/div><div class=\"vce-col vce-col--md-auto vce-col--xs-1 vce-col--xs-last vce-col--xs-first vce-col--sm-last vce-col--sm-first vce-col--md-last vce-col--lg-last vce-col--xl-last\" id=\"el-aace7b52\"><div class=\"vce-col-inner\" data-vce-do-apply=\"border margin background  el-aace7b52\"><div class=\"vce-col-content\" data-vce-element-content=\"true\" data-vce-do-apply=\"padding el-aace7b52\"><div class=\"vce-text-block marron fs32 bold lh-45 pb-50\"><div class=\"vce-text-block-wrapper vce\" id=\"el-7d31d90b\" data-vce-do-apply=\"all el-7d31d90b\"><h2>Right of opposition and withdrawal<\/h2><\/div><\/div><div class=\"vce-text-block pb-35\"><div class=\"vce-text-block-wrapper vce\" id=\"el-4a4abf0e\" data-vce-do-apply=\"all el-4a4abf0e\">We are committed to offering you the right to object and withdraw your personal information.<br>The right to object is understood as the possibility offered to Internet users to refuse that their personal information be used for certain purposes mentioned during collection.<br><br>The right to withdraw is understood as the possibility offered to Internet users to request that their personal information no longer appear, for example, in a mailing list.<br><br><b>To exercise these rights, you can contact:<\/b><br><br><b>Person<\/b>: Cindy Lin, manager<br><b>Address<\/b>: 8245 boul. Taschereau, local A-14, Brossard (Qu\u00e9bec) J4Y 1A4<br><b>Email<\/b> : <a href=\"mailto:info@dentairebrossard.ca\">info@dentairebrossard.ca<\/a><br><b>Telephone<\/b> : <a href=\"tel:4509121688<br>\">(450) 912-1688<\/a><br><\/div><\/div><div class=\"vce-text-block marron fs32 bold lh-45 pb-30\"><div class=\"vce-text-block-wrapper vce\" id=\"el-56d71a39\" data-vce-do-apply=\"all el-56d71a39\"><h2>Right of access<\/h2><\/div><\/div><div class=\"vce-text-block pb-35\"><div class=\"vce-text-block-wrapper vce\" id=\"el-807e628b\" data-vce-do-apply=\"all el-807e628b\">We are committed to recognizing the right of access and rectification to the persons concerned who wish to consult, modify or even delete information concerning them.<br><br><b>The exercise of this right will be done:<\/b><br><br><b>Person<\/b>: Cindy Lin, manager<br><b>Address<\/b>: 8245 boul. Taschereau, local A-14, Brossard (Qu\u00e9bec) J4Y 1A4<br><b>Email<\/b>: <a href=\"mailto:info@dentairebrossard.ca\">info@dentairebrossard.ca<\/a><br><b>Telephone<\/b>: <a href=\"tel:4509121688\">(450) 912-1688<\/a><br><\/div><\/div><div class=\"vce-text-block marron fs32 bold lh-45 pb-35\"><div class=\"vce-text-block-wrapper vce\" id=\"el-aba9f57e\" data-vce-do-apply=\"all el-aba9f57e\"><h2>Security<\/h2><\/div><\/div><div class=\"vce-text-block pb-35\"><div class=\"vce-text-block-wrapper vce\" id=\"el-2bbead64\" data-vce-do-apply=\"all el-2bbead64\">The personal information we collect is stored in a secure environment. The people working for us are required to respect the confidentiality of your information.<br><br>To ensure the security of your personal information, we use the following measures:<br><br><ul><br><li>SSL protocol<\/li><br><li>Network monitoring software<\/li><br><li>Computer backup<\/li><br><li>Firewall<\/li><\/ul><br>We are committed to maintaining a high degree of confidentiality by integrating the latest technological innovations to ensure the confidentiality of your transactions. However, since no mechanism offers maximum security, there is always a risk when using the Internet to transmit personal information.<br><\/div><\/div><div class=\"vce-text-block marron fs32 bold lh-45 pb-35\"><div class=\"vce-text-block-wrapper vce\" id=\"el-4319f0ae\" data-vce-do-apply=\"all el-4319f0ae\"><h2>Legislation<\/h2><\/div><\/div><div class=\"vce-text-block pb-35\"><div class=\"vce-text-block-wrapper vce\" id=\"el-26845c8e\" data-vce-do-apply=\"all el-26845c8e\">We are committed to complying with the legislative provisions set out in:<br><br>Legislation: Law 25<br><br>Privacy Policy Generator\/<a href=\"https:\/\/www.politiquedeconfidentialite.ca\/\" target=\"_blank\" rel=\"noopener\">Privacy Policy<\/a><br><\/div><\/div><\/div><\/div><\/div><\/div><\/div><\/div>\n","protected":false},"excerpt":{"rendered":"<p>Privacy PolicyContact usIntroductionGiven the development of new communication tools, it is necessary to pay particular attention to the protection of privacy. This is why we [&hellip;]<\/p>\n","protected":false},"author":5,"featured_media":0,"parent":0,"menu_order":0,"comment_status":"closed","ping_status":"closed","template":"","meta":{"_monsterinsights_skip_tracking":false,"_monsterinsights_sitenote_active":false,"_monsterinsights_sitenote_note":"","_monsterinsights_sitenote_category":0,"footnotes":""},"class_list":["post-2758","page","type-page","status-publish","hentry"],"yoast_head":"<!-- This site is optimized with the Yoast SEO Premium plugin v27.5 (Yoast SEO v27.5) - https:\/\/yoast.com\/product\/yoast-seo-premium-wordpress\/ -->\n<title>Privacy Policy: How to protect your personal information - Centre dentaire Taschereau<\/title>\n<meta name=\"description\" content=\"Protecting your privacy is our priority. We are committed to protecting your personal information. Learn more about our privacy policy.\" \/>\n<meta name=\"robots\" content=\"noindex, nofollow\" \/>\n<meta property=\"og:locale\" content=\"en_US\" \/>\n<meta property=\"og:type\" content=\"article\" \/>\n<meta property=\"og:title\" content=\"Privacy Policy\" \/>\n<meta property=\"og:description\" content=\"Protecting your privacy is our priority. We are committed to protecting your personal information. Learn more about our privacy policy.\" \/>\n<meta property=\"og:url\" content=\"https:\/\/dentisteabrossard.ca\/en\/privacy-policy\/\" \/>\n<meta property=\"og:site_name\" content=\"Centre dentaire Taschereau\" \/>\n<meta property=\"article:publisher\" content=\"https:\/\/www.facebook.com\/centredentaire.taschereau\" \/>\n<meta property=\"article:modified_time\" content=\"2024-06-02T19:52:22+00:00\" \/>\n<meta property=\"og:image\" content=\"https:\/\/dentisteabrossard.ca\/wp-content\/uploads\/2025\/01\/Centre-Dentaire-Taschereau-reception-scaled.jpg\" \/>\n\t<meta property=\"og:image:width\" content=\"2560\" \/>\n\t<meta property=\"og:image:height\" content=\"1707\" \/>\n\t<meta property=\"og:image:type\" content=\"image\/jpeg\" \/>\n<meta name=\"twitter:card\" content=\"summary_large_image\" \/>\n<meta name=\"twitter:label1\" content=\"Est. reading time\" \/>\n\t<meta name=\"twitter:data1\" content=\"2 minutes\" \/>\n<!-- \/ Yoast SEO Premium plugin. -->","yoast_head_json":{"title":"Privacy Policy: How to protect your personal information - Centre dentaire Taschereau","description":"Protecting your privacy is our priority. We are committed to protecting your personal information. Learn more about our privacy policy.","robots":{"index":"noindex","follow":"nofollow"},"og_locale":"en_US","og_type":"article","og_title":"Privacy Policy","og_description":"Protecting your privacy is our priority. We are committed to protecting your personal information. Learn more about our privacy policy.","og_url":"https:\/\/dentisteabrossard.ca\/en\/privacy-policy\/","og_site_name":"Centre dentaire Taschereau","article_publisher":"https:\/\/www.facebook.com\/centredentaire.taschereau","article_modified_time":"2024-06-02T19:52:22+00:00","og_image":[{"width":2560,"height":1707,"url":"https:\/\/dentisteabrossard.ca\/wp-content\/uploads\/2025\/01\/Centre-Dentaire-Taschereau-reception-scaled.jpg","type":"image\/jpeg"}],"twitter_card":"summary_large_image","twitter_misc":{"Est. reading time":"2 minutes"},"schema":{"@context":"https:\/\/schema.org","@graph":[{"@type":"WebPage","@id":"https:\/\/dentisteabrossard.ca\/en\/privacy-policy\/","url":"https:\/\/dentisteabrossard.ca\/en\/privacy-policy\/","name":"Privacy Policy: How to protect your personal information - Centre dentaire Taschereau","isPartOf":{"@id":"https:\/\/dentisteabrossard.ca\/en\/#website"},"datePublished":"2024-06-02T19:47:35+00:00","dateModified":"2024-06-02T19:52:22+00:00","description":"Protecting your privacy is our priority. We are committed to protecting your personal information. Learn more about our privacy policy.","breadcrumb":{"@id":"https:\/\/dentisteabrossard.ca\/en\/privacy-policy\/#breadcrumb"},"inLanguage":"en-US","potentialAction":[{"@type":"ReadAction","target":["https:\/\/dentisteabrossard.ca\/en\/privacy-policy\/"]}]},{"@type":"BreadcrumbList","@id":"https:\/\/dentisteabrossard.ca\/en\/privacy-policy\/#breadcrumb","itemListElement":[{"@type":"ListItem","position":1,"name":"Accueil","item":"https:\/\/dentisteabrossard.ca\/en\/"},{"@type":"ListItem","position":2,"name":"Privacy Policy"}]},{"@type":"WebSite","@id":"https:\/\/dentisteabrossard.ca\/en\/#website","url":"https:\/\/dentisteabrossard.ca\/en\/","name":"Centre dentaire Taschereau","description":"Clinique dentaire \u00e0 Brossard","publisher":{"@id":"https:\/\/dentisteabrossard.ca\/en\/#organization"},"potentialAction":[{"@type":"SearchAction","target":{"@type":"EntryPoint","urlTemplate":"https:\/\/dentisteabrossard.ca\/en\/?s={search_term_string}"},"query-input":{"@type":"PropertyValueSpecification","valueRequired":true,"valueName":"search_term_string"}}],"inLanguage":"en-US"},{"@type":"Organization","@id":"https:\/\/dentisteabrossard.ca\/en\/#organization","name":"Centre dentaire Taschereau","url":"https:\/\/dentisteabrossard.ca\/en\/","logo":{"@type":"ImageObject","inLanguage":"en-US","@id":"https:\/\/dentisteabrossard.ca\/en\/#\/schema\/logo\/image\/","url":"https:\/\/dentisteabrossard.ca\/wp-content\/uploads\/2023\/09\/Centre-dentaire-Taschereau.svg","contentUrl":"https:\/\/dentisteabrossard.ca\/wp-content\/uploads\/2023\/09\/Centre-dentaire-Taschereau.svg","width":369,"height":81,"caption":"Centre dentaire Taschereau"},"image":{"@id":"https:\/\/dentisteabrossard.ca\/en\/#\/schema\/logo\/image\/"},"sameAs":["https:\/\/www.facebook.com\/centredentaire.taschereau","https:\/\/www.instagram.com\/dentaire_taschereau\/"],"description":"Bienvenue au Centre Dentaire Taschereau, votre dentiste de confiance \u00e0 Brossard. Situ\u00e9 au c\u0153ur de Brossard, notre centre dentaire est reconnu pour son excellence en mati\u00e8re de soins dentaires, offrant une large gamme de services pour r\u00e9pondre \u00e0 tous vos besoins. Que vous recherchiez un traitement d'Invisalign \u00e0 Brossard pour un sourire parfait, ou que vous n\u00e9cessitiez une urgence dentaire \u00e0 Brossard, notre \u00e9quipe interdisciplinaire est pr\u00eate \u00e0 vous accueillir avec professionnalisme et bienveillance. Notre clinique dentaire \u00e0 Brossard est \u00e9quip\u00e9e d\u2019un laboratoire complet \u00e0 la fine pointe de la technologie, assurant des soins de qualit\u00e9 sup\u00e9rieure dans tous les domaines de la dentisterie. Des services de nettoyage dentaire \u00e0 Brossard aux traitements sp\u00e9cialis\u00e9s comme la parodontie \u00e0 Brossard, nous sommes d\u00e9di\u00e9s \u00e0 maintenir et am\u00e9liorer votre sant\u00e9 bucco-dentaire. Au Centre Dentaire Taschereau, nous comprenons l'importance d'un acc\u00e8s rapide aux soins, surtout en cas d'urgence dentaire \u00e0 Brossard. C'est pourquoi nous nous engageons \u00e0 offrir des rendez-vous rapides et efficaces pour r\u00e9pondre \u00e0 vos besoins urgents, garantissant que vous recevez l'attention et les soins n\u00e9cessaires sans d\u00e9lai. Choisir le Centre Dentaire Taschereau pour votre nettoyage dentaire \u00e0 Brossard ou tout autre besoin dentaire, c'est opter pour un service personnalis\u00e9 et de haute qualit\u00e9. Notre objectif est de vous fournir non seulement un sourire \u00e9clatant, mais aussi une exp\u00e9rience patient exceptionnelle \u00e0 chaque visite. Prenez rendez-vous aujourd'hui et d\u00e9couvrez pourquoi nous sommes le centre dentaire de choix \u00e0 Brossard pour des soins dentaires complets et compassionnels pour toute la famille.","email":"info@dentaireabrossard.ca","telephone":"450-912-1688","legalName":"Centre Dentaire Taschereau inc.","foundingDate":"2022-01-16","numberOfEmployees":{"@type":"QuantitativeValue","minValue":"1","maxValue":"10"},"ethicsPolicy":"https:\/\/dentisteabrossard.ca\/politique-de-confidentialite\/"}]}},"_links":{"self":[{"href":"https:\/\/dentisteabrossard.ca\/en\/wp-json\/wp\/v2\/pages\/2758","targetHints":{"allow":["GET"]}}],"collection":[{"href":"https:\/\/dentisteabrossard.ca\/en\/wp-json\/wp\/v2\/pages"}],"about":[{"href":"https:\/\/dentisteabrossard.ca\/en\/wp-json\/wp\/v2\/types\/page"}],"author":[{"embeddable":true,"href":"https:\/\/dentisteabrossard.ca\/en\/wp-json\/wp\/v2\/users\/5"}],"replies":[{"embeddable":true,"href":"https:\/\/dentisteabrossard.ca\/en\/wp-json\/wp\/v2\/comments?post=2758"}],"version-history":[{"count":1,"href":"https:\/\/dentisteabrossard.ca\/en\/wp-json\/wp\/v2\/pages\/2758\/revisions"}],"predecessor-version":[{"id":2759,"href":"https:\/\/dentisteabrossard.ca\/en\/wp-json\/wp\/v2\/pages\/2758\/revisions\/2759"}],"wp:attachment":[{"href":"https:\/\/dentisteabrossard.ca\/en\/wp-json\/wp\/v2\/media?parent=2758"}],"curies":[{"name":"wp","href":"https:\/\/api.w.org\/{rel}","templated":true}]}}