{"id":2561,"date":"2024-01-09T15:23:11","date_gmt":"2024-01-09T15:23:11","guid":{"rendered":"https:\/\/taschereau.viruscomm.dev\/?page_id=2561"},"modified":"2026-05-03T00:20:33","modified_gmt":"2026-05-03T04:20:33","slug":"blog","status":"publish","type":"page","link":"https:\/\/dentisteabrossard.ca\/en\/blog\/","title":{"rendered":"Blog"},"content":{"rendered":"\r\n<div class=\"vce-row-container\" data-vce-boxed-width=\"true\">\r\n<div id=\"el-d73f3fa4\" class=\"vce-row vce-element--has-background vce-row--col-gap-0 min-h-662 vce-row-equal-height vce-row-content--top\" data-vce-do-apply=\"all el-d73f3fa4\">\r\n<div class=\"vce-content-background-container\"><\/div>\r\n<div class=\"vce-row-content\" data-vce-element-content=\"true\">\r\n\r\n\r\n<div id=\"el-1de54ad2\" class=\"vce-col vce-col--xs-100p vce-col--xs-visible vce-col--xs-last vce-col--xs-first vce-col--sm-100p vce-col--sm-visible vce-col--sm-last vce-col--sm-first vce-col--md-50p vce-col--md-visible vce-col--md-first vce-col--lg-50p vce-col--lg-visible vce-col--lg-first vce-col--xl-50p vce-col--xl-visible vce-col--xl-first pt-80 pb-105 pr-123 pl-120\">\r\n<div class=\"vce-col-inner\" data-vce-do-apply=\"border margin background el-1de54ad2\">\r\n<div class=\"vce-col-content\" data-vce-element-content=\"true\" data-vce-do-apply=\"padding el-1de54ad2\">\r\n\r\n\r\n<div class=\"vce-text-block fs32 bold marron lh-45 pb-50\">\r\n<div id=\"el-3c099f21\" class=\"vce-text-block-wrapper vce\" data-vce-do-apply=\"all el-3c099f21\">\r\n<h1>Stay informed with our dental blog<\/h1>\r\n<\/div>\r\n<\/div>\r\n\r\n<div class=\"vce-single-image-container no-desktop pb-30-mob vce-single-image--align-center\">\r\n<div id=\"el-9e70bec5\" class=\"vce vce-single-image-wrapper\" data-vce-do-apply=\"all el-9e70bec5\">\r\n<figure>\r\n<div class=\"vce-single-image-figure-inner\" style=\"width: 712px;\">\r\n<div class=\"vce-single-image-inner vce-single-image--absolute\" style=\"width: 100%; padding-bottom: 91.2921%;\"><img decoding=\"async\" class=\"vce-single-image\" title=\"Blogue\" src=\"https:\/\/dentisteabrossard.ca\/wp-content\/uploads\/2023\/09\/Blogue.png\" alt=\"Blogue\" data-img-src=\"https:\/\/dentisteabrossard.ca\/wp-content\/uploads\/2023\/09\/Blogue.png\" data-attachment-id=\"1593\" \/><\/div>\r\n<\/div>\r\n<figcaption hidden=\"\"><\/figcaption><\/figure>\r\n<\/div>\r\n<\/div>\r\n\r\n<div class=\"vce-text-block pb-50\">\r\n<div id=\"el-b8278e8d\" class=\"vce-text-block-wrapper vce\" data-vce-do-apply=\"all el-b8278e8d\">The professionals at the Centre dentaire Taschereau in Brossard have prepared these educational articles for you. Here you'll find information on oral hygiene, diseases and treatments.<\/div>\r\n<\/div>\r\n\r\n<div class=\"vce-text-block\">\r\n<div id=\"el-a3575640\" class=\"vce-text-block-wrapper vce\" data-vce-do-apply=\"all el-a3575640\"><a class=\"btn-bleu\" href=\"https:\/\/dentisteabrossard.ca\/en\/contact-us\/#contact\">Contact us<\/a><\/div>\r\n<\/div>\r\n\r\n\r\n<\/div>\r\n<\/div>\r\n<\/div>\r\n\r\n<div id=\"el-1fbbb69f\" class=\"vce-col vce-col--xs-100p vce-col--xs-visible vce-col--xs-last vce-col--xs-first vce-col--sm-100p vce-col--sm-visible vce-col--sm-last vce-col--sm-first vce-col--md-auto vce-col--md-visible vce-col--md-last vce-col--lg-auto vce-col--lg-visible vce-col--lg-last vce-col--xl-auto vce-col--xl-visible vce-col--xl-last pr-178\">\r\n<div class=\"vce-col-inner\" data-vce-do-apply=\"border margin background el-1fbbb69f\">\r\n<div class=\"vce-col-content\" data-vce-element-content=\"true\" data-vce-do-apply=\"padding el-1fbbb69f\">\r\n\r\n\r\n<div class=\"vce-single-image-container absolute-img no-mobile w-712 vce-single-image--align-center\">\r\n<div id=\"el-b1e31950\" class=\"vce vce-single-image-wrapper\" data-vce-do-apply=\"all el-b1e31950\">\r\n<figure>\r\n<div class=\"vce-single-image-figure-inner\" style=\"width: 712px;\">\r\n<div class=\"vce-single-image-inner vce-single-image--absolute\" style=\"width: 100%; padding-bottom: 91.2921%;\"><img decoding=\"async\" class=\"vce-single-image\" title=\"Blogue\" src=\"https:\/\/dentisteabrossard.ca\/wp-content\/uploads\/2023\/09\/Blogue.png\" alt=\"Blogue\" data-img-src=\"https:\/\/dentisteabrossard.ca\/wp-content\/uploads\/2023\/09\/Blogue.png\" data-attachment-id=\"1593\" \/><\/div>\r\n<\/div>\r\n<figcaption hidden=\"\"><\/figcaption><\/figure>\r\n<\/div>\r\n<\/div>\r\n\r\n\r\n<\/div>\r\n<\/div>\r\n<\/div>\r\n\r\n\r\n<\/div>\r\n<\/div>\r\n<\/div>\r\n\r\n<div class=\"vce-row-container\" data-vce-boxed-width=\"true\">\r\n<div id=\"el-3a61d63c\" class=\"vce-row vce-row--col-gap-30 pt-166 vce-row-equal-height vce-row-content--top\" data-vce-do-apply=\"all el-3a61d63c\">\r\n<div class=\"vce-row-content\" data-vce-element-content=\"true\">\r\n\r\n\r\n<div id=\"el-affabca1\" class=\"vce-col vce-col--md-auto vce-col--xs-1 vce-col--xs-last vce-col--xs-first vce-col--sm-last vce-col--sm-first vce-col--md-last vce-col--lg-last vce-col--xl-last vce-col--md-first vce-col--lg-first vce-col--xl-first\">\r\n<div class=\"vce-col-inner\" data-vce-do-apply=\"border margin background el-affabca1\">\r\n<div class=\"vce-col-content\" data-vce-element-content=\"true\" data-vce-do-apply=\"padding el-affabca1\">\r\n\r\n\r\n<div class=\"vce-shortcode\">\r\n<div id=\"el-4e3cc837\" class=\"vce-shortcode-wrapper vce\" data-vce-do-apply=\"all el-4e3cc837\"><div class=\"total-blog\"><div class=\"post-1\"><div class=\"col-post pt-80 pb-170 pl-35-mob pr-120\">\n<div class=\"post-img no-pr pr-117\">\n<img src=https:\/\/dentisteabrossard.ca\/wp-content\/uploads\/2024\/02\/Dental_hygiene_tips_dentist_Taschereau_blvd_Brossard.jpg>\n<\/div>\n<div class=\"content-post\">\n<p class=\"title-post fs32 bold marron lh-45 pb-54\"><a href=\"https:\/\/dentisteabrossard.ca\/en\/dental-hygiene-3-basic-tips\/\">Dental hygiene: 3 basic tips <\/a><\/p>\n<p class=\"short-desc pb-46\">Good oral health depends on small daily gestures and good oral hygiene habits. Your Brossard dentist and his team are committed to helping you adopt an effective daily hygiene routine. Here are 3 basic tips we'd like to share with you!\r\n\r\n1. Choose a soft-bristled toothbrush \r\n\r\nThis is the main criterion when it comes to choosing your toothbrush. Make sure it has soft or extra-soft bristles. Why...<\/p>\n<a href=\"https:\/\/dentisteabrossard.ca\/en\/dental-hygiene-3-basic-tips\/\" class=\"btn-bleu\">read more\u2026<\/a>\n<\/div>\n<\/div>\n<\/div><div class=\"post-2\"><div class=\"col-post pt-80 pb-95 pl-35-mob pr-120\">\n<div class=\"post-img no-pr pr-117\">\n<img src=https:\/\/dentisteabrossard.ca\/wp-content\/uploads\/2024\/02\/Invisalign_orthodontics_dentist_Brossard.jpg>\n<\/div>\n<div class=\"content-post\">\n<p class=\"title-post fs32 bold marron lh-45 pb-54\"><a href=\"https:\/\/dentisteabrossard.ca\/en\/invisalign-what-are-the-advantages-of-this-technique\/\">Invisalign: what are the advantages of this technique? <\/a><\/p>\n<p class=\"short-desc pb-46\">Have you ever considered correcting the alignment of your teeth? Beyond the benefits to the appearance of your smile, there are many oral health benefits to orthodontic treatment. What's more, we now offer modern techniques, such as Invisalign orthodontics, to discreetly correct teeth alignment. \r\n\r\nIn this article, your Brossard dental team explains the benefits of Invisalign orthodontics for...<\/p>\n<a href=\"https:\/\/dentisteabrossard.ca\/en\/invisalign-what-are-the-advantages-of-this-technique\/\" class=\"btn-bleu\">read more\u2026<\/a>\n<\/div>\n<\/div>\n<\/div><div class=\"post-3\"><div class=\"col-post pt-100 pb-226 pl-35-mob pr-120\">\n<div class=\"post-img no-pr pr-117\">\n<img src=https:\/\/dentisteabrossard.ca\/wp-content\/uploads\/2024\/02\/Missing_teeth_denture_denturologist_Brossard.jpg>\n<\/div>\n<div class=\"content-post\">\n<p class=\"title-post fs32 bold marron lh-45 pb-54\"><a href=\"https:\/\/dentisteabrossard.ca\/en\/missing-teeth-why-replace-them\/\">Missing teeth: why replace them? <\/a><\/p>\n<p class=\"short-desc pb-46\">You might think that missing teeth would only affect the appearance of your smile. However, it can have significant functional consequences, as well as oral health implications. It's important to be aware of these consequences. That's why the team at Centre Dentaire Taschereau in Brossard has prepared this informative article for you. We also take this opportunity to tell you about the options we...<\/p>\n<a href=\"https:\/\/dentisteabrossard.ca\/en\/missing-teeth-why-replace-them\/\" class=\"btn-bleu\">read more\u2026<\/a>\n<\/div>\n<\/div>\n<\/div><div class=\"pl-120 pr-120 rest-blog\"> <\/div><div class=\"paginationBlog\" style=\" height: 71px;\"><div class=\"post-nav\"><\/div><\/div><\/div>\r\n<\/div>\r\n\r\n\r\n<\/div>\r\n<\/div>\r\n<\/div>\r\n\r\n\r\n<\/div>\r\n<\/div>\r\n<\/div>\r\n\n","protected":false},"excerpt":{"rendered":"<p>Stay informed with our dental blog The professionals at the Centre dentaire Taschereau in Brossard have prepared these educational articles for you. Here you&#8217;ll find [&hellip;]<\/p>\n","protected":false},"author":5,"featured_media":0,"parent":0,"menu_order":0,"comment_status":"closed","ping_status":"closed","template":"","meta":{"_monsterinsights_skip_tracking":false,"_monsterinsights_sitenote_active":false,"_monsterinsights_sitenote_note":"","_monsterinsights_sitenote_category":0,"footnotes":""},"class_list":["post-2561","page","type-page","status-publish","hentry"],"yoast_head":"<!-- This site is optimized with the Yoast SEO Premium plugin v27.5 (Yoast SEO v27.5) - https:\/\/yoast.com\/product\/yoast-seo-premium-wordpress\/ -->\n<title>Missing teeth: why replace them? - Centre dentaire Taschereau<\/title>\n<meta name=\"description\" content=\"Explore dental health tips from Centre Dentaire Taschereau, including advice on dental care, Invisalign, implants, emergencies, and oral health in Brossard.\" \/>\n<meta name=\"robots\" content=\"index, follow, max-snippet:-1, max-image-preview:large, max-video-preview:-1\" \/>\n<link rel=\"canonical\" href=\"https:\/\/dentisteabrossard.ca\/en\/missing-teeth-why-replace-them\/\" \/>\n<meta property=\"og:locale\" content=\"en_US\" \/>\n<meta property=\"og:type\" content=\"article\" \/>\n<meta property=\"og:title\" content=\"Missing teeth: why replace them?\" \/>\n<meta property=\"og:description\" content=\"Explore dental health tips from Centre Dentaire Taschereau, including advice on dental care, Invisalign, implants, emergencies, and oral health in Brossard.\" \/>\n<meta property=\"og:url\" content=\"https:\/\/dentisteabrossard.ca\/en\/missing-teeth-why-replace-them\/\" \/>\n<meta property=\"og:site_name\" content=\"Centre dentaire Taschereau\" \/>\n<meta property=\"article:publisher\" content=\"https:\/\/www.facebook.com\/centredentaire.taschereau\" \/>\n<meta property=\"article:published_time\" content=\"2024-02-15T08:54:36+00:00\" \/>\n<meta property=\"article:modified_time\" content=\"2024-04-12T13:00:33+00:00\" \/>\n<meta property=\"og:image\" content=\"https:\/\/dentisteabrossard.ca\/wp-content\/uploads\/2023\/09\/Blogue.png\" \/>\n<meta name=\"author\" content=\"Shang Lin\" \/>\n<meta name=\"twitter:card\" content=\"summary_large_image\" \/>\n<meta name=\"twitter:label1\" content=\"Written by\" \/>\n\t<meta name=\"twitter:data1\" content=\"Shang Lin\" \/>\n\t<meta name=\"twitter:label2\" content=\"Est. reading time\" \/>\n\t<meta name=\"twitter:data2\" content=\"1 minute\" \/>\n<!-- \/ Yoast SEO Premium plugin. -->","yoast_head_json":{"title":"Missing teeth: why replace them? - Centre dentaire Taschereau","description":"Explore dental health tips from Centre Dentaire Taschereau, including advice on dental care, Invisalign, implants, emergencies, and oral health in Brossard.","robots":{"index":"index","follow":"follow","max-snippet":"max-snippet:-1","max-image-preview":"max-image-preview:large","max-video-preview":"max-video-preview:-1"},"canonical":"https:\/\/dentisteabrossard.ca\/en\/missing-teeth-why-replace-them\/","og_locale":"en_US","og_type":"article","og_title":"Missing teeth: why replace them?","og_description":"Explore dental health tips from Centre Dentaire Taschereau, including advice on dental care, Invisalign, implants, emergencies, and oral health in Brossard.","og_url":"https:\/\/dentisteabrossard.ca\/en\/missing-teeth-why-replace-them\/","og_site_name":"Centre dentaire Taschereau","article_publisher":"https:\/\/www.facebook.com\/centredentaire.taschereau","article_published_time":"2024-02-15T08:54:36+00:00","article_modified_time":"2024-04-12T13:00:33+00:00","og_image":[{"url":"https:\/\/dentisteabrossard.ca\/wp-content\/uploads\/2023\/09\/Blogue.png","type":"","width":"","height":""}],"author":"Shang Lin","twitter_card":"summary_large_image","twitter_misc":{"Written by":"Shang Lin","Est. reading time":"1 minute"},"schema":{"@context":"https:\/\/schema.org","@graph":[{"@type":"Article","@id":"https:\/\/dentisteabrossard.ca\/en\/missing-teeth-why-replace-them\/#article","isPartOf":{"@id":"https:\/\/dentisteabrossard.ca\/en\/missing-teeth-why-replace-them\/"},"author":{"name":"Shang Lin","@id":"https:\/\/dentisteabrossard.ca\/en\/#\/schema\/person\/f53d3911aadb077a58d82a3fa567fa28"},"headline":"Missing teeth: why replace them?","datePublished":"2024-01-09T15:23:11+00:00","dateModified":"2026-05-03T04:20:33+00:00","mainEntityOfPage":{"@id":"https:\/\/dentisteabrossard.ca\/en\/missing-teeth-why-replace-them\/"},"wordCount":39,"publisher":{"@id":"https:\/\/dentisteabrossard.ca\/en\/#organization"},"image":{"@id":"https:\/\/dentisteabrossard.ca\/en\/missing-teeth-why-replace-them\/#primaryimage"},"thumbnailUrl":"https:\/\/dentisteabrossard.ca\/wp-content\/uploads\/2023\/09\/Blogue.png","articleSection":["Non classifi\u00e9(e)"],"inLanguage":"en-US"},{"@type":"WebPage","@id":"https:\/\/dentisteabrossard.ca\/en\/missing-teeth-why-replace-them\/","url":"https:\/\/dentisteabrossard.ca\/en\/missing-teeth-why-replace-them\/","name":"Missing teeth: why replace them? - Centre dentaire Taschereau","isPartOf":{"@id":"https:\/\/dentisteabrossard.ca\/en\/#website"},"primaryImageOfPage":{"@id":"https:\/\/dentisteabrossard.ca\/en\/missing-teeth-why-replace-them\/#primaryimage"},"image":{"@id":"https:\/\/dentisteabrossard.ca\/en\/missing-teeth-why-replace-them\/#primaryimage"},"thumbnailUrl":"https:\/\/dentisteabrossard.ca\/wp-content\/uploads\/2023\/09\/Blogue.png","datePublished":"2024-01-09T15:23:11+00:00","dateModified":"2026-05-03T04:20:33+00:00","description":"Explore dental health tips from Centre Dentaire Taschereau, including advice on dental care, Invisalign, implants, emergencies, and oral health in Brossard.","breadcrumb":{"@id":"https:\/\/dentisteabrossard.ca\/en\/missing-teeth-why-replace-them\/#breadcrumb"},"inLanguage":"en-US","potentialAction":[{"@type":"ReadAction","target":["https:\/\/dentisteabrossard.ca\/en\/missing-teeth-why-replace-them\/"]}]},{"@type":"ImageObject","inLanguage":"en-US","@id":"https:\/\/dentisteabrossard.ca\/en\/missing-teeth-why-replace-them\/#primaryimage","url":"https:\/\/dentisteabrossard.ca\/wp-content\/uploads\/2023\/09\/Blogue.png","contentUrl":"https:\/\/dentisteabrossard.ca\/wp-content\/uploads\/2023\/09\/Blogue.png"},{"@type":"BreadcrumbList","@id":"https:\/\/dentisteabrossard.ca\/en\/missing-teeth-why-replace-them\/#breadcrumb","itemListElement":[{"@type":"ListItem","position":1,"name":"Accueil","item":"https:\/\/dentisteabrossard.ca\/en\/"},{"@type":"ListItem","position":2,"name":"Missing teeth: why replace them?"}]},{"@type":"WebSite","@id":"https:\/\/dentisteabrossard.ca\/en\/#website","url":"https:\/\/dentisteabrossard.ca\/en\/","name":"Centre dentaire Taschereau","description":"Clinique dentaire \u00e0 Brossard","publisher":{"@id":"https:\/\/dentisteabrossard.ca\/en\/#organization"},"potentialAction":[{"@type":"SearchAction","target":{"@type":"EntryPoint","urlTemplate":"https:\/\/dentisteabrossard.ca\/en\/?s={search_term_string}"},"query-input":{"@type":"PropertyValueSpecification","valueRequired":true,"valueName":"search_term_string"}}],"inLanguage":"en-US"},{"@type":"Organization","@id":"https:\/\/dentisteabrossard.ca\/en\/#organization","name":"Centre dentaire Taschereau","url":"https:\/\/dentisteabrossard.ca\/en\/","logo":{"@type":"ImageObject","inLanguage":"en-US","@id":"https:\/\/dentisteabrossard.ca\/en\/#\/schema\/logo\/image\/","url":"https:\/\/dentisteabrossard.ca\/wp-content\/uploads\/2023\/09\/Centre-dentaire-Taschereau.svg","contentUrl":"https:\/\/dentisteabrossard.ca\/wp-content\/uploads\/2023\/09\/Centre-dentaire-Taschereau.svg","width":369,"height":81,"caption":"Centre dentaire Taschereau"},"image":{"@id":"https:\/\/dentisteabrossard.ca\/en\/#\/schema\/logo\/image\/"},"sameAs":["https:\/\/www.facebook.com\/centredentaire.taschereau","https:\/\/www.instagram.com\/dentaire_taschereau\/"],"description":"Bienvenue au Centre Dentaire Taschereau, votre dentiste de confiance \u00e0 Brossard. Situ\u00e9 au c\u0153ur de Brossard, notre centre dentaire est reconnu pour son excellence en mati\u00e8re de soins dentaires, offrant une large gamme de services pour r\u00e9pondre \u00e0 tous vos besoins. Que vous recherchiez un traitement d'Invisalign \u00e0 Brossard pour un sourire parfait, ou que vous n\u00e9cessitiez une urgence dentaire \u00e0 Brossard, notre \u00e9quipe interdisciplinaire est pr\u00eate \u00e0 vous accueillir avec professionnalisme et bienveillance. Notre clinique dentaire \u00e0 Brossard est \u00e9quip\u00e9e d\u2019un laboratoire complet \u00e0 la fine pointe de la technologie, assurant des soins de qualit\u00e9 sup\u00e9rieure dans tous les domaines de la dentisterie. Des services de nettoyage dentaire \u00e0 Brossard aux traitements sp\u00e9cialis\u00e9s comme la parodontie \u00e0 Brossard, nous sommes d\u00e9di\u00e9s \u00e0 maintenir et am\u00e9liorer votre sant\u00e9 bucco-dentaire. Au Centre Dentaire Taschereau, nous comprenons l'importance d'un acc\u00e8s rapide aux soins, surtout en cas d'urgence dentaire \u00e0 Brossard. C'est pourquoi nous nous engageons \u00e0 offrir des rendez-vous rapides et efficaces pour r\u00e9pondre \u00e0 vos besoins urgents, garantissant que vous recevez l'attention et les soins n\u00e9cessaires sans d\u00e9lai. Choisir le Centre Dentaire Taschereau pour votre nettoyage dentaire \u00e0 Brossard ou tout autre besoin dentaire, c'est opter pour un service personnalis\u00e9 et de haute qualit\u00e9. Notre objectif est de vous fournir non seulement un sourire \u00e9clatant, mais aussi une exp\u00e9rience patient exceptionnelle \u00e0 chaque visite. Prenez rendez-vous aujourd'hui et d\u00e9couvrez pourquoi nous sommes le centre dentaire de choix \u00e0 Brossard pour des soins dentaires complets et compassionnels pour toute la famille.","email":"info@dentaireabrossard.ca","telephone":"450-912-1688","legalName":"Centre Dentaire Taschereau inc.","foundingDate":"2022-01-16","numberOfEmployees":{"@type":"QuantitativeValue","minValue":"1","maxValue":"10"},"ethicsPolicy":"https:\/\/dentisteabrossard.ca\/politique-de-confidentialite\/"},{"@type":"Person","@id":"https:\/\/dentisteabrossard.ca\/en\/#\/schema\/person\/f53d3911aadb077a58d82a3fa567fa28","name":"Shang Lin","image":{"@type":"ImageObject","inLanguage":"en-US","@id":"https:\/\/secure.gravatar.com\/avatar\/06b7829fc6652f6f8995921046cce524c7c026b27d8753a1c162451bf53b6c02?s=96&d=mm&r=g","url":"https:\/\/secure.gravatar.com\/avatar\/06b7829fc6652f6f8995921046cce524c7c026b27d8753a1c162451bf53b6c02?s=96&d=mm&r=g","contentUrl":"https:\/\/secure.gravatar.com\/avatar\/06b7829fc6652f6f8995921046cce524c7c026b27d8753a1c162451bf53b6c02?s=96&d=mm&r=g","caption":"Shang Lin"},"url":"https:\/\/dentisteabrossard.ca\/en\/author\/shanlin52\/"}]}},"_links":{"self":[{"href":"https:\/\/dentisteabrossard.ca\/en\/wp-json\/wp\/v2\/pages\/2561","targetHints":{"allow":["GET"]}}],"collection":[{"href":"https:\/\/dentisteabrossard.ca\/en\/wp-json\/wp\/v2\/pages"}],"about":[{"href":"https:\/\/dentisteabrossard.ca\/en\/wp-json\/wp\/v2\/types\/page"}],"author":[{"embeddable":true,"href":"https:\/\/dentisteabrossard.ca\/en\/wp-json\/wp\/v2\/users\/5"}],"replies":[{"embeddable":true,"href":"https:\/\/dentisteabrossard.ca\/en\/wp-json\/wp\/v2\/comments?post=2561"}],"version-history":[{"count":1,"href":"https:\/\/dentisteabrossard.ca\/en\/wp-json\/wp\/v2\/pages\/2561\/revisions"}],"predecessor-version":[{"id":3150,"href":"https:\/\/dentisteabrossard.ca\/en\/wp-json\/wp\/v2\/pages\/2561\/revisions\/3150"}],"wp:attachment":[{"href":"https:\/\/dentisteabrossard.ca\/en\/wp-json\/wp\/v2\/media?parent=2561"}],"curies":[{"name":"wp","href":"https:\/\/api.w.org\/{rel}","templated":true}]}}